{"id":3416,"date":"2023-11-27T12:37:47","date_gmt":"2023-11-27T12:37:47","guid":{"rendered":"https:\/\/www.dealerleasing.nl\/?page_id=3416"},"modified":"2024-03-05T10:48:43","modified_gmt":"2024-03-05T10:48:43","slug":"flexibel-private-lease","status":"publish","type":"page","link":"https:\/\/www.dealerleasing.nl\/de\/flexibel-private-lease\/","title":{"rendered":"Flexibler Privatleasingvertrag"},"content":{"rendered":"","protected":false},"excerpt":{"rendered":"","protected":false},"author":4,"featured_media":0,"parent":0,"menu_order":1,"comment_status":"closed","ping_status":"closed","template":"","meta":{"_acf_changed":false,"footnotes":""},"class_list":["post-3416","page","type-page","status-publish","hentry"],"acf":[],"yoast_head":"<!-- This site is optimized with the Yoast SEO plugin v26.9 - https:\/\/yoast.com\/product\/yoast-seo-wordpress\/ -->\n<title>Flexibel private lease - Dealerleasing<\/title>\n<meta name=\"description\" content=\"Ontdek de vrijheid van flexibel private lease bij Dealerleasing: perfect voor tijdelijke of veranderende behoeften. Ruime keuze!\" \/>\n<meta name=\"robots\" content=\"index, follow, max-snippet:-1, max-image-preview:large, max-video-preview:-1\" \/>\n<link rel=\"canonical\" href=\"https:\/\/www.dealerleasing.nl\/de\/flexibel-private-lease\/\" \/>\n<meta property=\"og:locale\" content=\"de_DE\" \/>\n<meta property=\"og:type\" content=\"article\" \/>\n<meta property=\"og:title\" content=\"Flexibel private lease - Dealerleasing\" \/>\n<meta property=\"og:description\" content=\"Ontdek de vrijheid van flexibel private lease bij Dealerleasing: perfect voor tijdelijke of veranderende behoeften. Ruime keuze!\" \/>\n<meta property=\"og:url\" content=\"https:\/\/www.dealerleasing.nl\/de\/flexibel-private-lease\/\" \/>\n<meta property=\"og:site_name\" content=\"Dealerleasing\" \/>\n<meta property=\"article:publisher\" content=\"https:\/\/www.facebook.com\/DealerLeasing\" \/>\n<meta property=\"article:modified_time\" content=\"2024-03-05T10:48:43+00:00\" \/>\n<meta name=\"twitter:card\" content=\"summary_large_image\" \/>\n<script type=\"application\/ld+json\" class=\"yoast-schema-graph\">{\"@context\":\"https:\/\/schema.org\",\"@graph\":[{\"@type\":\"WebPage\",\"@id\":\"https:\/\/www.dealerleasing.nl\/flexibel-private-lease\/\",\"url\":\"https:\/\/www.dealerleasing.nl\/flexibel-private-lease\/\",\"name\":\"Flexibel private lease - Dealerleasing\",\"isPartOf\":{\"@id\":\"https:\/\/www.dealerleasing.nl\/#website\"},\"datePublished\":\"2023-11-27T12:37:47+00:00\",\"dateModified\":\"2024-03-05T10:48:43+00:00\",\"description\":\"Ontdek de vrijheid van flexibel private lease bij Dealerleasing: perfect voor tijdelijke of veranderende behoeften. Ruime keuze!\",\"breadcrumb\":{\"@id\":\"https:\/\/www.dealerleasing.nl\/flexibel-private-lease\/#breadcrumb\"},\"inLanguage\":\"de-DE\",\"potentialAction\":[{\"@type\":\"ReadAction\",\"target\":[\"https:\/\/www.dealerleasing.nl\/flexibel-private-lease\/\"]}]},{\"@type\":\"BreadcrumbList\",\"@id\":\"https:\/\/www.dealerleasing.nl\/flexibel-private-lease\/#breadcrumb\",\"itemListElement\":[{\"@type\":\"ListItem\",\"position\":1,\"name\":\"Home\",\"item\":\"https:\/\/www.dealerleasing.nl\/\"},{\"@type\":\"ListItem\",\"position\":2,\"name\":\"Flexibel private lease\"}]},{\"@type\":\"WebSite\",\"@id\":\"https:\/\/www.dealerleasing.nl\/#website\",\"url\":\"https:\/\/www.dealerleasing.nl\/\",\"name\":\"Dealerleasing\",\"description\":\"\",\"publisher\":{\"@id\":\"https:\/\/www.dealerleasing.nl\/#organization\"},\"potentialAction\":[{\"@type\":\"SearchAction\",\"target\":{\"@type\":\"EntryPoint\",\"urlTemplate\":\"https:\/\/www.dealerleasing.nl\/?s={search_term_string}\"},\"query-input\":{\"@type\":\"PropertyValueSpecification\",\"valueRequired\":true,\"valueName\":\"search_term_string\"}}],\"inLanguage\":\"de-DE\"},{\"@type\":\"Organization\",\"@id\":\"https:\/\/www.dealerleasing.nl\/#organization\",\"name\":\"Dealerleasing\",\"url\":\"https:\/\/www.dealerleasing.nl\/\",\"logo\":{\"@type\":\"ImageObject\",\"inLanguage\":\"de-DE\",\"@id\":\"https:\/\/www.dealerleasing.nl\/#\/schema\/logo\/image\/\",\"url\":\"https:\/\/www.dealerleasing.nl\/app\/uploads\/2025\/09\/DealerLeasing-Logo-kleur-zonder-slogan.png\",\"contentUrl\":\"https:\/\/www.dealerleasing.nl\/app\/uploads\/2025\/09\/DealerLeasing-Logo-kleur-zonder-slogan.png\",\"width\":1701,\"height\":239,\"caption\":\"Dealerleasing\"},\"image\":{\"@id\":\"https:\/\/www.dealerleasing.nl\/#\/schema\/logo\/image\/\"},\"sameAs\":[\"https:\/\/www.facebook.com\/DealerLeasing\",\"https:\/\/www.linkedin.com\/company\/2298681\/\",\"https:\/\/www.instagram.com\/dealerleasing\/\"]}]}<\/script>\n<!-- \/ Yoast SEO plugin. -->","yoast_head_json":{"title":"Flexibles Privatleasing \u2013 H\u00e4ndlerleasing","description":"Entdecken Sie die Vorteile flexibler Privatleasing-Optionen bei Dealerleasing: ideal f\u00fcr vor\u00fcbergehende oder wechselnde Bed\u00fcrfnisse. Gro\u00dfe Auswahl!","robots":{"index":"index","follow":"follow","max-snippet":"max-snippet:-1","max-image-preview":"max-image-preview:large","max-video-preview":"max-video-preview:-1"},"canonical":"https:\/\/www.dealerleasing.nl\/de\/flexibel-private-lease\/","og_locale":"de_DE","og_type":"article","og_title":"Flexibel private lease - Dealerleasing","og_description":"Ontdek de vrijheid van flexibel private lease bij Dealerleasing: perfect voor tijdelijke of veranderende behoeften. Ruime keuze!","og_url":"https:\/\/www.dealerleasing.nl\/de\/flexibel-private-lease\/","og_site_name":"Dealerleasing","article_publisher":"https:\/\/www.facebook.com\/DealerLeasing","article_modified_time":"2024-03-05T10:48:43+00:00","twitter_card":"summary_large_image","schema":{"@context":"https:\/\/schema.org","@graph":[{"@type":"WebPage","@id":"https:\/\/www.dealerleasing.nl\/flexibel-private-lease\/","url":"https:\/\/www.dealerleasing.nl\/flexibel-private-lease\/","name":"Flexibles Privatleasing \u2013 H\u00e4ndlerleasing","isPartOf":{"@id":"https:\/\/www.dealerleasing.nl\/#website"},"datePublished":"2023-11-27T12:37:47+00:00","dateModified":"2024-03-05T10:48:43+00:00","description":"Entdecken Sie die Vorteile flexibler Privatleasing-Optionen bei Dealerleasing: ideal f\u00fcr vor\u00fcbergehende oder wechselnde Bed\u00fcrfnisse. Gro\u00dfe Auswahl!","breadcrumb":{"@id":"https:\/\/www.dealerleasing.nl\/flexibel-private-lease\/#breadcrumb"},"inLanguage":"de-DE","potentialAction":[{"@type":"ReadAction","target":["https:\/\/www.dealerleasing.nl\/flexibel-private-lease\/"]}]},{"@type":"BreadcrumbList","@id":"https:\/\/www.dealerleasing.nl\/flexibel-private-lease\/#breadcrumb","itemListElement":[{"@type":"ListItem","position":1,"name":"Home","item":"https:\/\/www.dealerleasing.nl\/"},{"@type":"ListItem","position":2,"name":"Flexibel private lease"}]},{"@type":"WebSite","@id":"https:\/\/www.dealerleasing.nl\/#website","url":"https:\/\/www.dealerleasing.nl\/","name":"H\u00e4ndlerleasing","description":"","publisher":{"@id":"https:\/\/www.dealerleasing.nl\/#organization"},"potentialAction":[{"@type":"SearchAction","target":{"@type":"EntryPoint","urlTemplate":"https:\/\/www.dealerleasing.nl\/?s={search_term_string}"},"query-input":{"@type":"PropertyValueSpecification","valueRequired":true,"valueName":"search_term_string"}}],"inLanguage":"de-DE"},{"@type":"Organization","@id":"https:\/\/www.dealerleasing.nl\/#organization","name":"H\u00e4ndlerleasing","url":"https:\/\/www.dealerleasing.nl\/","logo":{"@type":"ImageObject","inLanguage":"de-DE","@id":"https:\/\/www.dealerleasing.nl\/#\/schema\/logo\/image\/","url":"https:\/\/www.dealerleasing.nl\/app\/uploads\/2025\/09\/DealerLeasing-Logo-kleur-zonder-slogan.png","contentUrl":"https:\/\/www.dealerleasing.nl\/app\/uploads\/2025\/09\/DealerLeasing-Logo-kleur-zonder-slogan.png","width":1701,"height":239,"caption":"Dealerleasing"},"image":{"@id":"https:\/\/www.dealerleasing.nl\/#\/schema\/logo\/image\/"},"sameAs":["https:\/\/www.facebook.com\/DealerLeasing","https:\/\/www.linkedin.com\/company\/2298681\/","https:\/\/www.instagram.com\/dealerleasing\/"]}]}},"_links":{"self":[{"href":"https:\/\/www.dealerleasing.nl\/de\/wp-json\/wp\/v2\/pages\/3416","targetHints":{"allow":["GET"]}}],"collection":[{"href":"https:\/\/www.dealerleasing.nl\/de\/wp-json\/wp\/v2\/pages"}],"about":[{"href":"https:\/\/www.dealerleasing.nl\/de\/wp-json\/wp\/v2\/types\/page"}],"author":[{"embeddable":true,"href":"https:\/\/www.dealerleasing.nl\/de\/wp-json\/wp\/v2\/users\/4"}],"replies":[{"embeddable":true,"href":"https:\/\/www.dealerleasing.nl\/de\/wp-json\/wp\/v2\/comments?post=3416"}],"version-history":[{"count":12,"href":"https:\/\/www.dealerleasing.nl\/de\/wp-json\/wp\/v2\/pages\/3416\/revisions"}],"predecessor-version":[{"id":190999,"href":"https:\/\/www.dealerleasing.nl\/de\/wp-json\/wp\/v2\/pages\/3416\/revisions\/190999"}],"wp:attachment":[{"href":"https:\/\/www.dealerleasing.nl\/de\/wp-json\/wp\/v2\/media?parent=3416"}],"curies":[{"name":"wp","href":"https:\/\/api.w.org\/{rel}","templated":true}]}}