{"id":7,"date":"2023-10-02T11:54:31","date_gmt":"2023-10-02T11:54:31","guid":{"rendered":"https:\/\/www.dealerleasing.nl\/?page_id=7"},"modified":"2025-04-30T13:53:23","modified_gmt":"2025-04-30T11:53:23","slug":"home","status":"publish","type":"page","link":"https:\/\/www.dealerleasing.nl\/de\/","title":{"rendered":"Heim"},"content":{"rendered":"","protected":false},"excerpt":{"rendered":"","protected":false},"author":1,"featured_media":0,"parent":0,"menu_order":-1000,"comment_status":"closed","ping_status":"closed","template":"","meta":{"_acf_changed":false,"footnotes":""},"class_list":["post-7","page","type-page","status-publish","hentry"],"acf":[],"yoast_head":"<!-- This site is optimized with the Yoast SEO plugin v26.9 - https:\/\/yoast.com\/product\/yoast-seo-wordpress\/ -->\n<title>Vind jouw Shortlease auto - Vanaf 1 maand | Dealerleasing<\/title>\n<meta name=\"description\" content=\"Grootste aanbod Shortlease van Nederland. \u2705 Laagste prijsgarantie \u2705 Vanaf 1 maand \u2705 Direct rijden \u2705 Levering in heel Nederland.\" \/>\n<meta name=\"robots\" content=\"index, follow, max-snippet:-1, max-image-preview:large, max-video-preview:-1\" \/>\n<link rel=\"canonical\" href=\"https:\/\/www.dealerleasing.nl\/de\/\" \/>\n<meta property=\"og:locale\" content=\"de_DE\" \/>\n<meta property=\"og:type\" content=\"article\" \/>\n<meta property=\"og:title\" content=\"Vind jouw Shortlease auto - Vanaf 1 maand | Dealerleasing\" \/>\n<meta property=\"og:description\" content=\"Grootste aanbod Shortlease van Nederland. \u2705 Laagste prijsgarantie \u2705 Vanaf 1 maand \u2705 Direct rijden \u2705 Levering in heel Nederland.\" \/>\n<meta property=\"og:url\" content=\"https:\/\/www.dealerleasing.nl\/de\/\" \/>\n<meta property=\"og:site_name\" content=\"Dealerleasing\" \/>\n<meta property=\"article:publisher\" content=\"https:\/\/www.facebook.com\/DealerLeasing\" \/>\n<meta property=\"article:modified_time\" content=\"2025-04-30T11:53:23+00:00\" \/>\n<meta name=\"twitter:card\" content=\"summary_large_image\" \/>\n<script type=\"application\/ld+json\" class=\"yoast-schema-graph\">{\"@context\":\"https:\/\/schema.org\",\"@graph\":[{\"@type\":\"WebPage\",\"@id\":\"https:\/\/www.dealerleasing.nl\/\",\"url\":\"https:\/\/www.dealerleasing.nl\/\",\"name\":\"Vind jouw Shortlease auto - Vanaf 1 maand | Dealerleasing\",\"isPartOf\":{\"@id\":\"https:\/\/www.dealerleasing.nl\/#website\"},\"datePublished\":\"2023-10-02T11:54:31+00:00\",\"dateModified\":\"2025-04-30T11:53:23+00:00\",\"description\":\"Grootste aanbod Shortlease van Nederland. \u2705 Laagste prijsgarantie \u2705 Vanaf 1 maand \u2705 Direct rijden \u2705 Levering in heel Nederland.\",\"breadcrumb\":{\"@id\":\"https:\/\/www.dealerleasing.nl\/#breadcrumb\"},\"inLanguage\":\"de-DE\",\"potentialAction\":[{\"@type\":\"ReadAction\",\"target\":[\"https:\/\/www.dealerleasing.nl\/\"]}]},{\"@type\":\"BreadcrumbList\",\"@id\":\"https:\/\/www.dealerleasing.nl\/#breadcrumb\",\"itemListElement\":[{\"@type\":\"ListItem\",\"position\":1,\"name\":\"Home\",\"item\":\"https:\/\/www.dealerleasing.nl\/\"},{\"@type\":\"ListItem\",\"position\":2,\"name\":\"Home\"}]},{\"@type\":\"WebSite\",\"@id\":\"https:\/\/www.dealerleasing.nl\/#website\",\"url\":\"https:\/\/www.dealerleasing.nl\/\",\"name\":\"Dealerleasing\",\"description\":\"\",\"publisher\":{\"@id\":\"https:\/\/www.dealerleasing.nl\/#organization\"},\"potentialAction\":[{\"@type\":\"SearchAction\",\"target\":{\"@type\":\"EntryPoint\",\"urlTemplate\":\"https:\/\/www.dealerleasing.nl\/?s={search_term_string}\"},\"query-input\":{\"@type\":\"PropertyValueSpecification\",\"valueRequired\":true,\"valueName\":\"search_term_string\"}}],\"inLanguage\":\"de-DE\"},{\"@type\":\"Organization\",\"@id\":\"https:\/\/www.dealerleasing.nl\/#organization\",\"name\":\"Dealerleasing\",\"url\":\"https:\/\/www.dealerleasing.nl\/\",\"logo\":{\"@type\":\"ImageObject\",\"inLanguage\":\"de-DE\",\"@id\":\"https:\/\/www.dealerleasing.nl\/#\/schema\/logo\/image\/\",\"url\":\"https:\/\/www.dealerleasing.nl\/app\/uploads\/2025\/09\/DealerLeasing-Logo-kleur-zonder-slogan.png\",\"contentUrl\":\"https:\/\/www.dealerleasing.nl\/app\/uploads\/2025\/09\/DealerLeasing-Logo-kleur-zonder-slogan.png\",\"width\":1701,\"height\":239,\"caption\":\"Dealerleasing\"},\"image\":{\"@id\":\"https:\/\/www.dealerleasing.nl\/#\/schema\/logo\/image\/\"},\"sameAs\":[\"https:\/\/www.facebook.com\/DealerLeasing\",\"https:\/\/www.linkedin.com\/company\/2298681\/\",\"https:\/\/www.instagram.com\/dealerleasing\/\"]}]}<\/script>\n<!-- \/ Yoast SEO plugin. -->","yoast_head_json":{"title":"Finden Sie Ihr Kurzzeitleasingfahrzeug \u2013 ab 1 Monat | H\u00e4ndlerleasing","description":"Gr\u00f6\u00dfte Auswahl an Kurzzeitmieten in den Niederlanden. \u2705 Tiefstpreisgarantie \u2705 Ab 1 Monat \u2705 Sofort fahrbereit \u2705 Lieferung in den gesamten Niederlanden.","robots":{"index":"index","follow":"follow","max-snippet":"max-snippet:-1","max-image-preview":"max-image-preview:large","max-video-preview":"max-video-preview:-1"},"canonical":"https:\/\/www.dealerleasing.nl\/de\/","og_locale":"de_DE","og_type":"article","og_title":"Vind jouw Shortlease auto - Vanaf 1 maand | Dealerleasing","og_description":"Grootste aanbod Shortlease van Nederland. \u2705 Laagste prijsgarantie \u2705 Vanaf 1 maand \u2705 Direct rijden \u2705 Levering in heel Nederland.","og_url":"https:\/\/www.dealerleasing.nl\/de\/","og_site_name":"Dealerleasing","article_publisher":"https:\/\/www.facebook.com\/DealerLeasing","article_modified_time":"2025-04-30T11:53:23+00:00","twitter_card":"summary_large_image","schema":{"@context":"https:\/\/schema.org","@graph":[{"@type":"WebPage","@id":"https:\/\/www.dealerleasing.nl\/","url":"https:\/\/www.dealerleasing.nl\/","name":"Finden Sie Ihr Kurzzeitleasingfahrzeug \u2013 ab 1 Monat | H\u00e4ndlerleasing","isPartOf":{"@id":"https:\/\/www.dealerleasing.nl\/#website"},"datePublished":"2023-10-02T11:54:31+00:00","dateModified":"2025-04-30T11:53:23+00:00","description":"Gr\u00f6\u00dfte Auswahl an Kurzzeitmieten in den Niederlanden. \u2705 Tiefstpreisgarantie \u2705 Ab 1 Monat \u2705 Sofort fahrbereit \u2705 Lieferung in den gesamten Niederlanden.","breadcrumb":{"@id":"https:\/\/www.dealerleasing.nl\/#breadcrumb"},"inLanguage":"de-DE","potentialAction":[{"@type":"ReadAction","target":["https:\/\/www.dealerleasing.nl\/"]}]},{"@type":"BreadcrumbList","@id":"https:\/\/www.dealerleasing.nl\/#breadcrumb","itemListElement":[{"@type":"ListItem","position":1,"name":"Home","item":"https:\/\/www.dealerleasing.nl\/"},{"@type":"ListItem","position":2,"name":"Home"}]},{"@type":"WebSite","@id":"https:\/\/www.dealerleasing.nl\/#website","url":"https:\/\/www.dealerleasing.nl\/","name":"H\u00e4ndlerleasing","description":"","publisher":{"@id":"https:\/\/www.dealerleasing.nl\/#organization"},"potentialAction":[{"@type":"SearchAction","target":{"@type":"EntryPoint","urlTemplate":"https:\/\/www.dealerleasing.nl\/?s={search_term_string}"},"query-input":{"@type":"PropertyValueSpecification","valueRequired":true,"valueName":"search_term_string"}}],"inLanguage":"de-DE"},{"@type":"Organization","@id":"https:\/\/www.dealerleasing.nl\/#organization","name":"H\u00e4ndlerleasing","url":"https:\/\/www.dealerleasing.nl\/","logo":{"@type":"ImageObject","inLanguage":"de-DE","@id":"https:\/\/www.dealerleasing.nl\/#\/schema\/logo\/image\/","url":"https:\/\/www.dealerleasing.nl\/app\/uploads\/2025\/09\/DealerLeasing-Logo-kleur-zonder-slogan.png","contentUrl":"https:\/\/www.dealerleasing.nl\/app\/uploads\/2025\/09\/DealerLeasing-Logo-kleur-zonder-slogan.png","width":1701,"height":239,"caption":"Dealerleasing"},"image":{"@id":"https:\/\/www.dealerleasing.nl\/#\/schema\/logo\/image\/"},"sameAs":["https:\/\/www.facebook.com\/DealerLeasing","https:\/\/www.linkedin.com\/company\/2298681\/","https:\/\/www.instagram.com\/dealerleasing\/"]}]}},"_links":{"self":[{"href":"https:\/\/www.dealerleasing.nl\/de\/wp-json\/wp\/v2\/pages\/7","targetHints":{"allow":["GET"]}}],"collection":[{"href":"https:\/\/www.dealerleasing.nl\/de\/wp-json\/wp\/v2\/pages"}],"about":[{"href":"https:\/\/www.dealerleasing.nl\/de\/wp-json\/wp\/v2\/types\/page"}],"author":[{"embeddable":true,"href":"https:\/\/www.dealerleasing.nl\/de\/wp-json\/wp\/v2\/users\/1"}],"replies":[{"embeddable":true,"href":"https:\/\/www.dealerleasing.nl\/de\/wp-json\/wp\/v2\/comments?post=7"}],"version-history":[{"count":214,"href":"https:\/\/www.dealerleasing.nl\/de\/wp-json\/wp\/v2\/pages\/7\/revisions"}],"predecessor-version":[{"id":271761,"href":"https:\/\/www.dealerleasing.nl\/de\/wp-json\/wp\/v2\/pages\/7\/revisions\/271761"}],"wp:attachment":[{"href":"https:\/\/www.dealerleasing.nl\/de\/wp-json\/wp\/v2\/media?parent=7"}],"curies":[{"name":"wp","href":"https:\/\/api.w.org\/{rel}","templated":true}]}}